{"id":28,"date":"2026-04-01T15:11:38","date_gmt":"2026-04-01T15:11:38","guid":{"rendered":"https:\/\/corse-expertise.com\/index.php\/about\/"},"modified":"2026-04-06T12:55:32","modified_gmt":"2026-04-06T12:55:32","slug":"about","status":"publish","type":"page","link":"http:\/\/corse-expertise.com\/index.php\/about\/","title":{"rendered":"Mosconi Expertises"},"content":{"rendered":"\t\t<div data-elementor-type=\"wp-page\" data-elementor-id=\"28\" class=\"elementor elementor-28\" data-elementor-post-type=\"page\">\n\t\t\t\t<div class=\"elementor-element elementor-element-12ecec7f e-flex e-con-boxed e-con e-parent\" data-id=\"12ecec7f\" data-element_type=\"container\" data-e-type=\"container\">\n\t\t\t\t\t<div class=\"e-con-inner\">\n\t\t<div class=\"elementor-element elementor-element-2b6c4ade e-con-full e-flex e-con e-child\" data-id=\"2b6c4ade\" data-element_type=\"container\" data-e-type=\"container\">\n\t\t\t\t<div class=\"elementor-element elementor-element-422dd1ba elementor-widget__width-initial elementor-absolute elementor-widget elementor-widget-spacer\" data-id=\"422dd1ba\" data-element_type=\"widget\" data-e-type=\"widget\" data-settings=\"{&quot;_position&quot;:&quot;absolute&quot;}\" data-widget_type=\"spacer.default\">\n\t\t\t\t\t\t\t<div class=\"elementor-spacer\">\n\t\t\t<div class=\"elementor-spacer-inner\"><\/div>\n\t\t<\/div>\n\t\t\t\t\t\t<\/div>\n\t\t\t\t<div class=\"elementor-element elementor-element-322184e5 elementor-invisible elementor-widget elementor-widget-heading\" data-id=\"322184e5\" data-element_type=\"widget\" data-e-type=\"widget\" data-settings=\"{&quot;_animation&quot;:&quot;fadeInUp&quot;}\" data-widget_type=\"heading.default\">\n\t\t\t\t\t<h3 class=\"elementor-heading-title elementor-size-default\">A propos de Nous<\/h3>\t\t\t\t<\/div>\n\t\t\t\t<div class=\"elementor-element elementor-element-50d15f58 elementor-widget elementor-widget-text-editor\" data-id=\"50d15f58\" data-element_type=\"widget\" data-e-type=\"widget\" data-widget_type=\"text-editor.default\">\n\t\t\t\t\t\t\t\t\t<h3 data-section-id=\"1zaz7l\" data-start=\"132\" data-end=\"206\">Corse Expertise \u2013 L\u2019expertise immobili\u00e8re en Corse, version terrain<\/h3><p data-start=\"208\" data-end=\"324\">Corse Expertise accompagne particuliers et professionnels dans toutes leurs d\u00e9marches li\u00e9es \u00e0 l\u2019immobilier en Corse.<\/p><p data-start=\"326\" data-end=\"508\">Fond\u00e9 par <strong data-start=\"336\" data-end=\"378\">Jean-Michel Mosconi, expert immobilier<\/strong>, le cabinet s\u2019appuie sur une connaissance fine du march\u00e9 local pour proposer des <strong data-start=\"460\" data-end=\"507\">analyses fiables, pr\u00e9cises et ind\u00e9pendantes<\/strong>.<\/p><p data-start=\"510\" data-end=\"700\">Chaque mission repose sur une approche concr\u00e8te du terrain, une lecture rigoureuse des biens et une parfaite ma\u00eetrise des enjeux immobiliers : valeur, conformit\u00e9, s\u00e9curit\u00e9 et r\u00e9glementation.<\/p>\t\t\t\t\t\t\t\t<\/div>\n\t\t\t\t<\/div>\n\t\t<div class=\"elementor-element elementor-element-7a97840a e-con-full e-flex e-con e-child\" data-id=\"7a97840a\" data-element_type=\"container\" data-e-type=\"container\" data-settings=\"{&quot;background_background&quot;:&quot;classic&quot;}\">\n\t\t\t\t<\/div>\n\t\t\t\t\t<\/div>\n\t\t\t\t<\/div>\n\t\t<div class=\"elementor-element elementor-element-1360b4c6 e-flex e-con-boxed e-con e-parent\" data-id=\"1360b4c6\" data-element_type=\"container\" data-e-type=\"container\">\n\t\t\t\t\t<div class=\"e-con-inner\">\n\t\t<div class=\"elementor-element elementor-element-32983478 e-flex e-con-boxed e-con e-child\" data-id=\"32983478\" data-element_type=\"container\" data-e-type=\"container\">\n\t\t\t\t\t<div class=\"e-con-inner\">\n\t\t\t\t<div class=\"elementor-element elementor-element-2c8d5852 elementor-invisible elementor-widget elementor-widget-heading\" data-id=\"2c8d5852\" data-element_type=\"widget\" data-e-type=\"widget\" data-settings=\"{&quot;_animation&quot;:&quot;fadeInUp&quot;}\" data-widget_type=\"heading.default\">\n\t\t\t\t\t<h3 class=\"elementor-heading-title elementor-size-default\">Pourquoi nous sommes faits<\/h3>\t\t\t\t<\/div>\n\t\t\t\t<div class=\"elementor-element elementor-element-f505fc2 elementor-widget elementor-widget-heading\" data-id=\"f505fc2\" data-element_type=\"widget\" data-e-type=\"widget\" data-widget_type=\"heading.default\">\n\t\t\t\t\t<h2 class=\"elementor-heading-title elementor-size-default\">Pour ce m\u00e9tier<\/h2>\t\t\t\t<\/div>\n\t\t\t\t\t<\/div>\n\t\t\t\t<\/div>\n\t\t<div class=\"elementor-element elementor-element-4133a8fa e-con-full e-flex e-con e-child\" data-id=\"4133a8fa\" data-element_type=\"container\" data-e-type=\"container\">\n\t\t<div class=\"elementor-element elementor-element-38b386a4 e-con-full e-flex e-con e-child\" data-id=\"38b386a4\" data-element_type=\"container\" data-e-type=\"container\" data-settings=\"{&quot;background_background&quot;:&quot;classic&quot;}\">\n\t\t\t\t<div class=\"elementor-element elementor-element-29ade996 elementor-widget elementor-widget-heading\" data-id=\"29ade996\" data-element_type=\"widget\" data-e-type=\"widget\" data-widget_type=\"heading.default\">\n\t\t\t\t\t<h3 class=\"elementor-heading-title elementor-size-default\">01<\/h3>\t\t\t\t<\/div>\n\t\t\t\t<div class=\"elementor-element elementor-element-4aa0d49b elementor-widget elementor-widget-icon-box\" data-id=\"4aa0d49b\" data-element_type=\"widget\" data-e-type=\"widget\" data-widget_type=\"icon-box.default\">\n\t\t\t\t\t\t\t<div class=\"elementor-icon-box-wrapper\">\n\n\t\t\t\n\t\t\t\t\t\t<div class=\"elementor-icon-box-content\">\n\n\t\t\t\t\t\t\t\t\t<h4 class=\"elementor-icon-box-title\">\n\t\t\t\t\t\t<span  >\n\t\t\t\t\t\t\tUne vision simple : s\u00e9curiser chaque d\u00e9cision immobili\u00e8re\t\t\t\t\t\t<\/span>\n\t\t\t\t\t<\/h4>\n\t\t\t\t\n\t\t\t\t\t\t\t\t\t<p class=\"elementor-icon-box-description\">\n\t\t\t\t\t\tAcheter, vendre, louer ou g\u00e9rer un bien immobilier implique des enjeux financiers et juridiques importants.\nCorse Expertise a pour objectif de :\n- d\u00e9terminer la valeur r\u00e9elle d\u2019un bien immobilier\n- fournir des rapports d\u2019expertise clairs et exploitables\n- garantir la conformit\u00e9 des logements\n- pr\u00e9venir les litiges immobiliers\n\nUne expertise utile \u00e0 chaque \u00e9tape : vente, acquisition, succession, investissement ou gestion locative.\t\t\t\t\t<\/p>\n\t\t\t\t\n\t\t\t<\/div>\n\t\t\t\n\t\t<\/div>\n\t\t\t\t\t\t<\/div>\n\t\t\t\t<\/div>\n\t\t<div class=\"elementor-element elementor-element-11af1c40 e-con-full e-flex e-con e-child\" data-id=\"11af1c40\" data-element_type=\"container\" data-e-type=\"container\" data-settings=\"{&quot;background_background&quot;:&quot;classic&quot;}\">\n\t\t\t\t<div class=\"elementor-element elementor-element-14847e52 elementor-widget elementor-widget-heading\" data-id=\"14847e52\" data-element_type=\"widget\" data-e-type=\"widget\" data-widget_type=\"heading.default\">\n\t\t\t\t\t<h3 class=\"elementor-heading-title elementor-size-default\">02<\/h3>\t\t\t\t<\/div>\n\t\t\t\t<div class=\"elementor-element elementor-element-77f169a3 elementor-widget elementor-widget-icon-box\" data-id=\"77f169a3\" data-element_type=\"widget\" data-e-type=\"widget\" data-widget_type=\"icon-box.default\">\n\t\t\t\t\t\t\t<div class=\"elementor-icon-box-wrapper\">\n\n\t\t\t\n\t\t\t\t\t\t<div class=\"elementor-icon-box-content\">\n\n\t\t\t\t\t\t\t\t\t<h4 class=\"elementor-icon-box-title\">\n\t\t\t\t\t\t<span  >\n\t\t\t\t\t\t\tDes prestations compl\u00e8tes en expertise et conformit\u00e9\t\t\t\t\t\t<\/span>\n\t\t\t\t\t<\/h4>\n\t\t\t\t\n\t\t\t\t\t\t\t\t\t<p class=\"elementor-icon-box-description\">\n\t\t\t\t\t\tCorse Expertise intervient sur l\u2019ensemble des besoins immobiliers :\n- Rapports d\u2019expertise immobili\u00e8re pour terrains, appartements et maisons\n- Estimations immobili\u00e8res (avis de valeur pr\u00e9cis et argument\u00e9s)\n-  Certificats de mesurage (Loi Carrez, surface habitable)\n- Constat de d\u00e9cence de logement\n- Diagnostic s\u00e9curit\u00e9 piscine individuelle et collective\n- \u00c9tat des risques et de pollution (ERP)\n- \u00c9tats des lieux d\u2019entr\u00e9e et de sortie\n- Visites immobili\u00e8res pour particuliers et professionnels\nChaque prestation est r\u00e9alis\u00e9e avec rigueur, transparence et exigence professionnelle.\t\t\t\t\t<\/p>\n\t\t\t\t\n\t\t\t<\/div>\n\t\t\t\n\t\t<\/div>\n\t\t\t\t\t\t<\/div>\n\t\t\t\t<\/div>\n\t\t<div class=\"elementor-element elementor-element-1b0a2982 e-con-full e-flex e-con e-child\" data-id=\"1b0a2982\" data-element_type=\"container\" data-e-type=\"container\" data-settings=\"{&quot;background_background&quot;:&quot;classic&quot;}\">\n\t\t\t\t<div class=\"elementor-element elementor-element-5125432b elementor-widget elementor-widget-heading\" data-id=\"5125432b\" data-element_type=\"widget\" data-e-type=\"widget\" data-widget_type=\"heading.default\">\n\t\t\t\t\t<h3 class=\"elementor-heading-title elementor-size-default\">03<\/h3>\t\t\t\t<\/div>\n\t\t\t\t<div class=\"elementor-element elementor-element-6d335da0 elementor-widget elementor-widget-icon-box\" data-id=\"6d335da0\" data-element_type=\"widget\" data-e-type=\"widget\" data-widget_type=\"icon-box.default\">\n\t\t\t\t\t\t\t<div class=\"elementor-icon-box-wrapper\">\n\n\t\t\t\n\t\t\t\t\t\t<div class=\"elementor-icon-box-content\">\n\n\t\t\t\t\t\t\t\t\t<h4 class=\"elementor-icon-box-title\">\n\t\t\t\t\t\t<span  >\n\t\t\t\t\t\t\tUn partenaire pour les professionnels de l\u2019immobilier\t\t\t\t\t\t<\/span>\n\t\t\t\t\t<\/h4>\n\t\t\t\t\n\t\t\t\t\t\t\t\t\t<p class=\"elementor-icon-box-description\">\n\t\t\t\t\t\tCorse Expertise accompagne \u00e9galement les acteurs du secteur :\nagences immobili\u00e8res\nnotaires\ninvestisseurs\nAvec une offre de sous-traitance sur mesure :\n- estimations immobili\u00e8res externalis\u00e9es\n- \u00e9tats des lieux complets\n- visites de biens\n- rapports d\u2019expertise\n- interventions en marque blanche\nUne solution efficace pour gagner du temps et optimiser votre activit\u00e9.\t\t\t\t\t<\/p>\n\t\t\t\t\n\t\t\t<\/div>\n\t\t\t\n\t\t<\/div>\n\t\t\t\t\t\t<\/div>\n\t\t\t\t<\/div>\n\t\t\t\t<\/div>\n\t\t\t\t\t<\/div>\n\t\t\t\t<\/div>\n\t\t<div class=\"elementor-element elementor-element-2a232f71 e-flex e-con-boxed e-con e-parent\" data-id=\"2a232f71\" data-element_type=\"container\" data-e-type=\"container\" data-settings=\"{&quot;background_background&quot;:&quot;classic&quot;}\">\n\t\t\t\t\t<div class=\"e-con-inner\">\n\t\t\t\t<div class=\"elementor-element elementor-element-5bbeb97a elementor-widget-mobile__width-inherit elementor-widget elementor-widget-image\" data-id=\"5bbeb97a\" data-element_type=\"widget\" data-e-type=\"widget\" data-settings=\"{&quot;motion_fx_motion_fx_scrolling&quot;:&quot;yes&quot;,&quot;motion_fx_translateY_effect&quot;:&quot;yes&quot;,&quot;motion_fx_translateY_direction&quot;:&quot;negative&quot;,&quot;motion_fx_translateY_affectedRange&quot;:{&quot;unit&quot;:&quot;%&quot;,&quot;size&quot;:&quot;&quot;,&quot;sizes&quot;:{&quot;start&quot;:50,&quot;end&quot;:100}},&quot;motion_fx_devices&quot;:[&quot;desktop&quot;,&quot;tablet&quot;],&quot;motion_fx_translateY_speed&quot;:{&quot;unit&quot;:&quot;px&quot;,&quot;size&quot;:4,&quot;sizes&quot;:[]}}\" data-widget_type=\"image.default\">\n\t\t\t\t\t\t\t\t\t\t\t\t\t\t\t<img fetchpriority=\"high\" decoding=\"async\" width=\"273\" height=\"314\" src=\"http:\/\/corse-expertise.com\/wp-content\/uploads\/2026\/04\/AboutPage-OurVision-Img_1.jpg\" class=\"attachment-full size-full wp-image-31\" alt=\"\" srcset=\"http:\/\/corse-expertise.com\/wp-content\/uploads\/2026\/04\/AboutPage-OurVision-Img_1.jpg 273w, http:\/\/corse-expertise.com\/wp-content\/uploads\/2026\/04\/AboutPage-OurVision-Img_1-261x300.jpg 261w\" sizes=\"(max-width: 273px) 100vw, 273px\" \/>\t\t\t\t\t\t\t\t\t\t\t\t\t\t\t<\/div>\n\t\t<div class=\"elementor-element elementor-element-1ada8da e-con-full e-flex e-con e-child\" data-id=\"1ada8da\" data-element_type=\"container\" data-e-type=\"container\">\n\t\t\t\t<div class=\"elementor-element elementor-element-14a5fe34 elementor-widget elementor-widget-heading\" data-id=\"14a5fe34\" data-element_type=\"widget\" data-e-type=\"widget\" data-widget_type=\"heading.default\">\n\t\t\t\t\t<h3 class=\"elementor-heading-title elementor-size-default\">Une expertise locale, un atout cl\u00e9<\/h3>\t\t\t\t<\/div>\n\t\t\t\t<div class=\"elementor-element elementor-element-586ec18f elementor-widget__width-auto e-transform elementor-widget-divider--view-line elementor-invisible elementor-widget elementor-widget-divider\" data-id=\"586ec18f\" data-element_type=\"widget\" data-e-type=\"widget\" data-settings=\"{&quot;_transform_rotateZ_effect&quot;:{&quot;unit&quot;:&quot;px&quot;,&quot;size&quot;:90,&quot;sizes&quot;:[]},&quot;_animation&quot;:&quot;fadeInUp&quot;,&quot;_transform_rotateZ_effect_tablet&quot;:{&quot;unit&quot;:&quot;deg&quot;,&quot;size&quot;:&quot;&quot;,&quot;sizes&quot;:[]},&quot;_transform_rotateZ_effect_mobile&quot;:{&quot;unit&quot;:&quot;deg&quot;,&quot;size&quot;:&quot;&quot;,&quot;sizes&quot;:[]}}\" data-widget_type=\"divider.default\">\n\t\t\t\t\t\t\t<div class=\"elementor-divider\">\n\t\t\t<span class=\"elementor-divider-separator\">\n\t\t\t\t\t\t<\/span>\n\t\t<\/div>\n\t\t\t\t\t\t<\/div>\n\t\t\t\t<div class=\"elementor-element elementor-element-743940e7 elementor-widget elementor-widget-text-editor\" data-id=\"743940e7\" data-element_type=\"widget\" data-e-type=\"widget\" data-widget_type=\"text-editor.default\">\n\t\t\t\t\t\t\t\t\t<p data-start=\"1984\" data-end=\"2098\">Intervenir en Corse n\u00e9cessite une compr\u00e9hension pr\u00e9cise du march\u00e9, de ses sp\u00e9cificit\u00e9s et de ses r\u00e9alit\u00e9s terrain.<\/p><p data-start=\"2100\" data-end=\"2220\">Corse Expertise intervient sur toute l\u2019\u00eele :<br \/>Porto-Vecchio, Bonifacio, Figari, Ajaccio, Bastia et villages environnants.<\/p><p data-start=\"2222\" data-end=\"2307\">Une pr\u00e9sence locale qui garantit des \u00e9valuations justes et adapt\u00e9es \u00e0 chaque bien.<\/p>\t\t\t\t\t\t\t\t<\/div>\n\t\t\t\t<div class=\"elementor-element elementor-element-6bba31cb elementor-widget__width-auto e-transform elementor-widget-divider--view-line elementor-invisible elementor-widget elementor-widget-divider\" data-id=\"6bba31cb\" data-element_type=\"widget\" data-e-type=\"widget\" data-settings=\"{&quot;_transform_rotateZ_effect&quot;:{&quot;unit&quot;:&quot;px&quot;,&quot;size&quot;:90,&quot;sizes&quot;:[]},&quot;_animation&quot;:&quot;fadeInUp&quot;,&quot;_transform_rotateZ_effect_tablet&quot;:{&quot;unit&quot;:&quot;deg&quot;,&quot;size&quot;:&quot;&quot;,&quot;sizes&quot;:[]},&quot;_transform_rotateZ_effect_mobile&quot;:{&quot;unit&quot;:&quot;deg&quot;,&quot;size&quot;:&quot;&quot;,&quot;sizes&quot;:[]}}\" data-widget_type=\"divider.default\">\n\t\t\t\t\t\t\t<div class=\"elementor-divider\">\n\t\t\t<span class=\"elementor-divider-separator\">\n\t\t\t\t\t\t<\/span>\n\t\t<\/div>\n\t\t\t\t\t\t<\/div>\n\t\t\t\t<\/div>\n\t\t\t\t<div class=\"elementor-element elementor-element-51152079 elementor-widget-mobile__width-inherit elementor-widget elementor-widget-image\" data-id=\"51152079\" data-element_type=\"widget\" data-e-type=\"widget\" data-settings=\"{&quot;motion_fx_motion_fx_scrolling&quot;:&quot;yes&quot;,&quot;motion_fx_translateY_effect&quot;:&quot;yes&quot;,&quot;motion_fx_translateY_affectedRange&quot;:{&quot;unit&quot;:&quot;%&quot;,&quot;size&quot;:&quot;&quot;,&quot;sizes&quot;:{&quot;start&quot;:50,&quot;end&quot;:100}},&quot;motion_fx_devices&quot;:[&quot;desktop&quot;,&quot;tablet&quot;],&quot;motion_fx_translateY_speed&quot;:{&quot;unit&quot;:&quot;px&quot;,&quot;size&quot;:4,&quot;sizes&quot;:[]}}\" data-widget_type=\"image.default\">\n\t\t\t\t\t\t\t\t\t\t\t\t\t\t\t<img decoding=\"async\" width=\"273\" height=\"313\" src=\"http:\/\/corse-expertise.com\/wp-content\/uploads\/2026\/04\/AboutPage-OurVision-Img_2.jpg\" class=\"attachment-full size-full wp-image-32\" alt=\"\" srcset=\"http:\/\/corse-expertise.com\/wp-content\/uploads\/2026\/04\/AboutPage-OurVision-Img_2.jpg 273w, http:\/\/corse-expertise.com\/wp-content\/uploads\/2026\/04\/AboutPage-OurVision-Img_2-262x300.jpg 262w\" sizes=\"(max-width: 273px) 100vw, 273px\" \/>\t\t\t\t\t\t\t\t\t\t\t\t\t\t\t<\/div>\n\t\t\t\t\t<\/div>\n\t\t\t\t<\/div>\n\t\t\t\t<\/div>\n\t\t","protected":false},"excerpt":{"rendered":"<p>A propos de Nous Corse Expertise \u2013 L\u2019expertise immobili\u00e8re en Corse, version terrain Corse Expertise accompagne particuliers et professionnels dans toutes leurs d\u00e9marches li\u00e9es \u00e0 l\u2019immobilier en Corse. Fond\u00e9 par Jean-Michel Mosconi, expert immobilier, le cabinet s\u2019appuie sur une connaissance fine du march\u00e9 local pour proposer des analyses fiables, pr\u00e9cises et ind\u00e9pendantes. Chaque mission repose [&hellip;]<\/p>\n","protected":false},"author":1,"featured_media":38,"parent":0,"menu_order":0,"comment_status":"closed","ping_status":"closed","template":"elementor_header_footer","meta":{"footnotes":""},"class_list":["post-28","page","type-page","status-publish","has-post-thumbnail","hentry"],"_links":{"self":[{"href":"http:\/\/corse-expertise.com\/index.php\/wp-json\/wp\/v2\/pages\/28","targetHints":{"allow":["GET"]}}],"collection":[{"href":"http:\/\/corse-expertise.com\/index.php\/wp-json\/wp\/v2\/pages"}],"about":[{"href":"http:\/\/corse-expertise.com\/index.php\/wp-json\/wp\/v2\/types\/page"}],"author":[{"embeddable":true,"href":"http:\/\/corse-expertise.com\/index.php\/wp-json\/wp\/v2\/users\/1"}],"replies":[{"embeddable":true,"href":"http:\/\/corse-expertise.com\/index.php\/wp-json\/wp\/v2\/comments?post=28"}],"version-history":[{"count":9,"href":"http:\/\/corse-expertise.com\/index.php\/wp-json\/wp\/v2\/pages\/28\/revisions"}],"predecessor-version":[{"id":574,"href":"http:\/\/corse-expertise.com\/index.php\/wp-json\/wp\/v2\/pages\/28\/revisions\/574"}],"wp:featuredmedia":[{"embeddable":true,"href":"http:\/\/corse-expertise.com\/index.php\/wp-json\/wp\/v2\/media\/38"}],"wp:attachment":[{"href":"http:\/\/corse-expertise.com\/index.php\/wp-json\/wp\/v2\/media?parent=28"}],"curies":[{"name":"wp","href":"https:\/\/api.w.org\/{rel}","templated":true}]}}