{"id":540,"date":"2026-04-06T12:40:15","date_gmt":"2026-04-06T12:40:15","guid":{"rendered":"https:\/\/corse-expertise.com\/?page_id=540"},"modified":"2026-04-06T13:09:17","modified_gmt":"2026-04-06T13:09:17","slug":"nos-prestations","status":"publish","type":"page","link":"http:\/\/corse-expertise.com\/index.php\/nos-prestations\/","title":{"rendered":"Nos prestations"},"content":{"rendered":"\t\t<div data-elementor-type=\"wp-page\" data-elementor-id=\"540\" class=\"elementor elementor-540\" data-elementor-post-type=\"page\">\n\t\t\t\t<div class=\"elementor-element elementor-element-5f41fb9 e-flex e-con-boxed e-con e-parent\" data-id=\"5f41fb9\" data-element_type=\"container\" data-e-type=\"container\">\n\t\t\t\t\t<div class=\"e-con-inner\">\n\t\t<div class=\"elementor-element elementor-element-2ff96632 e-con-full e-flex e-con e-child\" data-id=\"2ff96632\" data-element_type=\"container\" data-e-type=\"container\">\n\t\t\t\t<div class=\"elementor-element elementor-element-64211bb8 elementor-widget elementor-widget-heading\" data-id=\"64211bb8\" data-element_type=\"widget\" data-e-type=\"widget\" data-widget_type=\"heading.default\">\n\t\t\t\t\t<h2 class=\"elementor-heading-title elementor-size-default\">Nos prestations immobili\u00e8res en Corse<\/h2>\t\t\t\t<\/div>\n\t\t\t\t<div class=\"elementor-element elementor-element-921a550 elementor-widget elementor-widget-text-editor\" data-id=\"921a550\" data-element_type=\"widget\" data-e-type=\"widget\" data-widget_type=\"text-editor.default\">\n\t\t\t\t\t\t\t\t\t<p>\u00a0<\/p><p><strong>Un accompagnement complet pour les particuliers, les professionnels et les acteurs de l\u2019immobilier.<\/strong><\/p><p>Corse Expertise vous propose un ensemble de prestations en expertise immobili\u00e8re, conformit\u00e9, \u00e9tats des lieux et accompagnement terrain.<br data-start=\"626\" data-end=\"629\" \/>Cliquez sur le service qui vous int\u00e9resse pour en savoir plus.<\/p>\t\t\t\t\t\t\t\t<\/div>\n\t\t\t\t<\/div>\n\t\t<div class=\"elementor-element elementor-element-1bbddb9c e-con-full e-flex e-con e-child\" data-id=\"1bbddb9c\" data-element_type=\"container\" data-e-type=\"container\">\n\t\t\t\t<div class=\"elementor-element elementor-element-34e68ed1 elementor-widget elementor-widget-image\" data-id=\"34e68ed1\" data-element_type=\"widget\" data-e-type=\"widget\" data-settings=\"{&quot;motion_fx_motion_fx_scrolling&quot;:&quot;yes&quot;,&quot;motion_fx_translateY_effect&quot;:&quot;yes&quot;,&quot;motion_fx_translateY_affectedRange&quot;:{&quot;unit&quot;:&quot;%&quot;,&quot;size&quot;:&quot;&quot;,&quot;sizes&quot;:{&quot;start&quot;:50,&quot;end&quot;:100}},&quot;motion_fx_translateY_speed&quot;:{&quot;unit&quot;:&quot;px&quot;,&quot;size&quot;:4,&quot;sizes&quot;:[]},&quot;motion_fx_devices&quot;:[&quot;desktop&quot;,&quot;tablet&quot;,&quot;mobile&quot;]}\" data-widget_type=\"image.default\">\n\t\t\t\t\t\t\t\t\t\t\t\t\t\t\t<img fetchpriority=\"high\" decoding=\"async\" width=\"575\" height=\"862\" src=\"http:\/\/corse-expertise.com\/wp-content\/uploads\/2026\/04\/bafa4a5edf72e6d39f92d036ecddd6fb.jpg\" class=\"attachment-full size-full wp-image-588\" alt=\"\" srcset=\"http:\/\/corse-expertise.com\/wp-content\/uploads\/2026\/04\/bafa4a5edf72e6d39f92d036ecddd6fb.jpg 575w, http:\/\/corse-expertise.com\/wp-content\/uploads\/2026\/04\/bafa4a5edf72e6d39f92d036ecddd6fb-200x300.jpg 200w\" sizes=\"(max-width: 575px) 100vw, 575px\" \/>\t\t\t\t\t\t\t\t\t\t\t\t\t\t\t<\/div>\n\t\t\t\t<div class=\"elementor-element elementor-element-372d74a5 elementor-widget elementor-widget-image\" data-id=\"372d74a5\" data-element_type=\"widget\" data-e-type=\"widget\" data-widget_type=\"image.default\">\n\t\t\t\t\t\t\t\t\t\t\t\t\t\t\t<img decoding=\"async\" width=\"816\" height=\"1456\" src=\"http:\/\/corse-expertise.com\/wp-content\/uploads\/2026\/04\/0200220ab66868b78c580c3f7fcc1632.jpg\" class=\"attachment-full size-full wp-image-587\" alt=\"\" srcset=\"http:\/\/corse-expertise.com\/wp-content\/uploads\/2026\/04\/0200220ab66868b78c580c3f7fcc1632.jpg 816w, http:\/\/corse-expertise.com\/wp-content\/uploads\/2026\/04\/0200220ab66868b78c580c3f7fcc1632-168x300.jpg 168w, http:\/\/corse-expertise.com\/wp-content\/uploads\/2026\/04\/0200220ab66868b78c580c3f7fcc1632-574x1024.jpg 574w, http:\/\/corse-expertise.com\/wp-content\/uploads\/2026\/04\/0200220ab66868b78c580c3f7fcc1632-768x1370.jpg 768w\" sizes=\"(max-width: 816px) 100vw, 816px\" \/>\t\t\t\t\t\t\t\t\t\t\t\t\t\t\t<\/div>\n\t\t\t\t<\/div>\n\t\t\t\t\t<\/div>\n\t\t\t\t<\/div>\n\t\t<div class=\"elementor-element elementor-element-14cd0556 e-flex e-con-boxed e-con e-parent\" data-id=\"14cd0556\" data-element_type=\"container\" data-e-type=\"container\">\n\t\t\t\t\t<div class=\"e-con-inner\">\n\t\t<div class=\"elementor-element elementor-element-20af912 e-flex e-con-boxed e-con e-child\" data-id=\"20af912\" data-element_type=\"container\" data-e-type=\"container\">\n\t\t\t\t\t<div class=\"e-con-inner\">\n\t\t\t\t<div class=\"elementor-element elementor-element-3b17449d elementor-invisible elementor-widget elementor-widget-heading\" data-id=\"3b17449d\" data-element_type=\"widget\" data-e-type=\"widget\" data-settings=\"{&quot;_animation&quot;:&quot;fadeInUp&quot;}\" data-widget_type=\"heading.default\">\n\t\t\t\t\t<h3 class=\"elementor-heading-title elementor-size-default\">Pourquoi nous sommes faits<\/h3>\t\t\t\t<\/div>\n\t\t\t\t<div class=\"elementor-element elementor-element-5495c3c0 elementor-widget elementor-widget-heading\" data-id=\"5495c3c0\" data-element_type=\"widget\" data-e-type=\"widget\" data-widget_type=\"heading.default\">\n\t\t\t\t\t<h2 class=\"elementor-heading-title elementor-size-default\">Pour ce m\u00e9tier<\/h2>\t\t\t\t<\/div>\n\t\t\t\t\t<\/div>\n\t\t\t\t<\/div>\n\t\t<div class=\"elementor-element elementor-element-456e66b4 e-con-full e-flex e-con e-child\" data-id=\"456e66b4\" data-element_type=\"container\" data-e-type=\"container\">\n\t\t<div class=\"elementor-element elementor-element-72cb6a1c e-con-full e-flex e-con e-child\" data-id=\"72cb6a1c\" data-element_type=\"container\" data-e-type=\"container\" data-settings=\"{&quot;background_background&quot;:&quot;classic&quot;}\">\n\t\t\t\t<div class=\"elementor-element elementor-element-218541ae elementor-widget elementor-widget-heading\" data-id=\"218541ae\" data-element_type=\"widget\" data-e-type=\"widget\" data-widget_type=\"heading.default\">\n\t\t\t\t\t<h3 class=\"elementor-heading-title elementor-size-default\">01<\/h3>\t\t\t\t<\/div>\n\t\t\t\t<div class=\"elementor-element elementor-element-29238508 elementor-widget elementor-widget-icon-box\" data-id=\"29238508\" data-element_type=\"widget\" data-e-type=\"widget\" data-widget_type=\"icon-box.default\">\n\t\t\t\t\t\t\t<div class=\"elementor-icon-box-wrapper\">\n\n\t\t\t\n\t\t\t\t\t\t<div class=\"elementor-icon-box-content\">\n\n\t\t\t\t\t\t\t\t\t<h4 class=\"elementor-icon-box-title\">\n\t\t\t\t\t\t<a href=\"https:\/\/corse-expertise.com\/index.php\/certificat-de-mesurage-loi-carrez-boutin\/\" >\n\t\t\t\t\t\t\tCertificat de mesurage (Loi Carrez \/ Boutin)\t\t\t\t\t\t<\/a>\n\t\t\t\t\t<\/h4>\n\t\t\t\t\n\t\t\t\t\t\t\t\t\t<p class=\"elementor-icon-box-description\">\n\t\t\t\t\t\tMesurage officiel pour vente et location, conforme aux normes en vigueur.\n\t\t\t\t\t<\/p>\n\t\t\t\t\n\t\t\t<\/div>\n\t\t\t\n\t\t<\/div>\n\t\t\t\t\t\t<\/div>\n\t\t\t\t<\/div>\n\t\t<div class=\"elementor-element elementor-element-1d8d90f e-con-full e-flex e-con e-child\" data-id=\"1d8d90f\" data-element_type=\"container\" data-e-type=\"container\" data-settings=\"{&quot;background_background&quot;:&quot;classic&quot;}\">\n\t\t\t\t<div class=\"elementor-element elementor-element-6878b6b6 elementor-widget elementor-widget-heading\" data-id=\"6878b6b6\" data-element_type=\"widget\" data-e-type=\"widget\" data-widget_type=\"heading.default\">\n\t\t\t\t\t<h3 class=\"elementor-heading-title elementor-size-default\">02<\/h3>\t\t\t\t<\/div>\n\t\t\t\t<div class=\"elementor-element elementor-element-6e8530db elementor-widget elementor-widget-icon-box\" data-id=\"6e8530db\" data-element_type=\"widget\" data-e-type=\"widget\" data-widget_type=\"icon-box.default\">\n\t\t\t\t\t\t\t<div class=\"elementor-icon-box-wrapper\">\n\n\t\t\t\n\t\t\t\t\t\t<div class=\"elementor-icon-box-content\">\n\n\t\t\t\t\t\t\t\t\t<h4 class=\"elementor-icon-box-title\">\n\t\t\t\t\t\t<a href=\"https:\/\/corse-expertise.com\/index.php\/constat-de-decence-de-logement\/\" >\n\t\t\t\t\t\t\tConstat de d\u00e9cence de logement\t\t\t\t\t\t<\/a>\n\t\t\t\t\t<\/h4>\n\t\t\t\t\n\t\t\t\t\t\t\t\t\t<p class=\"elementor-icon-box-description\">\n\t\t\t\t\t\tV\u00e9rification de la conformit\u00e9 d\u2019un logement aux crit\u00e8res de d\u00e9cence r\u00e9glementaires.\n\t\t\t\t\t<\/p>\n\t\t\t\t\n\t\t\t<\/div>\n\t\t\t\n\t\t<\/div>\n\t\t\t\t\t\t<\/div>\n\t\t\t\t<\/div>\n\t\t<div class=\"elementor-element elementor-element-a44af1 e-con-full e-flex e-con e-child\" data-id=\"a44af1\" data-element_type=\"container\" data-e-type=\"container\" data-settings=\"{&quot;background_background&quot;:&quot;classic&quot;}\">\n\t\t\t\t<div class=\"elementor-element elementor-element-76f66f33 elementor-widget elementor-widget-heading\" data-id=\"76f66f33\" data-element_type=\"widget\" data-e-type=\"widget\" data-widget_type=\"heading.default\">\n\t\t\t\t\t<h3 class=\"elementor-heading-title elementor-size-default\">03<\/h3>\t\t\t\t<\/div>\n\t\t\t\t<div class=\"elementor-element elementor-element-67a4087d elementor-widget elementor-widget-icon-box\" data-id=\"67a4087d\" data-element_type=\"widget\" data-e-type=\"widget\" data-widget_type=\"icon-box.default\">\n\t\t\t\t\t\t\t<div class=\"elementor-icon-box-wrapper\">\n\n\t\t\t\n\t\t\t\t\t\t<div class=\"elementor-icon-box-content\">\n\n\t\t\t\t\t\t\t\t\t<h4 class=\"elementor-icon-box-title\">\n\t\t\t\t\t\t<a href=\"https:\/\/corse-expertise.com\/index.php\/diagnostic-securite-piscine\/\" >\n\t\t\t\t\t\t\tDiagnostic s\u00e9curit\u00e9 piscine\t\t\t\t\t\t<\/a>\n\t\t\t\t\t<\/h4>\n\t\t\t\t\n\t\t\t\t\t\t\t\t\t<p class=\"elementor-icon-box-description\">\n\t\t\t\t\t\tContr\u00f4le des dispositifs de s\u00e9curit\u00e9 pour piscines individuelles et collectives.\n\t\t\t\t\t<\/p>\n\t\t\t\t\n\t\t\t<\/div>\n\t\t\t\n\t\t<\/div>\n\t\t\t\t\t\t<\/div>\n\t\t\t\t<\/div>\n\t\t\t\t<\/div>\n\t\t<div class=\"elementor-element elementor-element-b01037c e-con-full e-flex e-con e-child\" data-id=\"b01037c\" data-element_type=\"container\" data-e-type=\"container\">\n\t\t<div class=\"elementor-element elementor-element-cbcc08e e-con-full e-flex e-con e-child\" data-id=\"cbcc08e\" data-element_type=\"container\" data-e-type=\"container\" data-settings=\"{&quot;background_background&quot;:&quot;classic&quot;}\">\n\t\t\t\t<div class=\"elementor-element elementor-element-ef2fcf8 elementor-widget elementor-widget-heading\" data-id=\"ef2fcf8\" data-element_type=\"widget\" data-e-type=\"widget\" data-widget_type=\"heading.default\">\n\t\t\t\t\t<h3 class=\"elementor-heading-title elementor-size-default\">04<\/h3>\t\t\t\t<\/div>\n\t\t\t\t<div class=\"elementor-element elementor-element-5caff3d elementor-widget elementor-widget-icon-box\" data-id=\"5caff3d\" data-element_type=\"widget\" data-e-type=\"widget\" data-widget_type=\"icon-box.default\">\n\t\t\t\t\t\t\t<div class=\"elementor-icon-box-wrapper\">\n\n\t\t\t\n\t\t\t\t\t\t<div class=\"elementor-icon-box-content\">\n\n\t\t\t\t\t\t\t\t\t<h4 class=\"elementor-icon-box-title\">\n\t\t\t\t\t\t<a href=\"https:\/\/corse-expertise.com\/index.php\/estimation-immobiliere-en-corse\/\" >\n\t\t\t\t\t\t\tEstimation immobili\u00e8re en Corse\t\t\t\t\t\t<\/a>\n\t\t\t\t\t<\/h4>\n\t\t\t\t\n\t\t\t\t\t\t\t\t\t<p class=\"elementor-icon-box-description\">\n\t\t\t\t\t\t\u00c9valuation pr\u00e9cise de la valeur de votre bien immobilier selon le march\u00e9 local.\n\t\t\t\t\t<\/p>\n\t\t\t\t\n\t\t\t<\/div>\n\t\t\t\n\t\t<\/div>\n\t\t\t\t\t\t<\/div>\n\t\t\t\t<\/div>\n\t\t<div class=\"elementor-element elementor-element-18b49be e-con-full e-flex e-con e-child\" data-id=\"18b49be\" data-element_type=\"container\" data-e-type=\"container\" data-settings=\"{&quot;background_background&quot;:&quot;classic&quot;}\">\n\t\t\t\t<div class=\"elementor-element elementor-element-a2a9b02 elementor-widget elementor-widget-heading\" data-id=\"a2a9b02\" data-element_type=\"widget\" data-e-type=\"widget\" data-widget_type=\"heading.default\">\n\t\t\t\t\t<h3 class=\"elementor-heading-title elementor-size-default\">05<\/h3>\t\t\t\t<\/div>\n\t\t\t\t<div class=\"elementor-element elementor-element-7ba8f17 elementor-widget elementor-widget-icon-box\" data-id=\"7ba8f17\" data-element_type=\"widget\" data-e-type=\"widget\" data-widget_type=\"icon-box.default\">\n\t\t\t\t\t\t\t<div class=\"elementor-icon-box-wrapper\">\n\n\t\t\t\n\t\t\t\t\t\t<div class=\"elementor-icon-box-content\">\n\n\t\t\t\t\t\t\t\t\t<h4 class=\"elementor-icon-box-title\">\n\t\t\t\t\t\t<a href=\"https:\/\/corse-expertise.com\/index.php\/etat-des-risques-et-pollutions-erp\/\" >\n\t\t\t\t\t\t\t\u00c9tat des risques et pollutions (ERP)\t\t\t\t\t\t<\/a>\n\t\t\t\t\t<\/h4>\n\t\t\t\t\n\t\t\t\t\t\t\t\t\t<p class=\"elementor-icon-box-description\">\n\t\t\t\t\t\tDocument obligatoire pour la vente ou la location d\u2019un bien immobilier.\n\t\t\t\t\t<\/p>\n\t\t\t\t\n\t\t\t<\/div>\n\t\t\t\n\t\t<\/div>\n\t\t\t\t\t\t<\/div>\n\t\t\t\t<\/div>\n\t\t<div class=\"elementor-element elementor-element-f756034 e-con-full e-flex e-con e-child\" data-id=\"f756034\" data-element_type=\"container\" data-e-type=\"container\" data-settings=\"{&quot;background_background&quot;:&quot;classic&quot;}\">\n\t\t\t\t<div class=\"elementor-element elementor-element-38b4514 elementor-widget elementor-widget-heading\" data-id=\"38b4514\" data-element_type=\"widget\" data-e-type=\"widget\" data-widget_type=\"heading.default\">\n\t\t\t\t\t<h3 class=\"elementor-heading-title elementor-size-default\">06<\/h3>\t\t\t\t<\/div>\n\t\t\t\t<div class=\"elementor-element elementor-element-5651510 elementor-widget elementor-widget-icon-box\" data-id=\"5651510\" data-element_type=\"widget\" data-e-type=\"widget\" data-widget_type=\"icon-box.default\">\n\t\t\t\t\t\t\t<div class=\"elementor-icon-box-wrapper\">\n\n\t\t\t\n\t\t\t\t\t\t<div class=\"elementor-icon-box-content\">\n\n\t\t\t\t\t\t\t\t\t<h4 class=\"elementor-icon-box-title\">\n\t\t\t\t\t\t<a href=\"https:\/\/corse-expertise.com\/index.php\/rapports-dexpertise-immobiliere-complets\/\" >\n\t\t\t\t\t\t\tRapports d\u2019expertise immobili\u00e8re complets\t\t\t\t\t\t<\/a>\n\t\t\t\t\t<\/h4>\n\t\t\t\t\n\t\t\t\t\t\t\t\t\t<p class=\"elementor-icon-box-description\">\n\t\t\t\t\t\tAnalyse d\u00e9taill\u00e9e pour d\u00e9terminer la valeur r\u00e9elle d\u2019un bien (terrain, maison, appartement).\n\t\t\t\t\t<\/p>\n\t\t\t\t\n\t\t\t<\/div>\n\t\t\t\n\t\t<\/div>\n\t\t\t\t\t\t<\/div>\n\t\t\t\t<\/div>\n\t\t\t\t<\/div>\n\t\t\t\t\t<\/div>\n\t\t\t\t<\/div>\n\t\t\t\t<\/div>\n\t\t","protected":false},"excerpt":{"rendered":"<p>Nos prestations immobili\u00e8res en Corse \u00a0 Un accompagnement complet pour les particuliers, les professionnels et les acteurs de l\u2019immobilier. Corse Expertise vous propose un ensemble de prestations en expertise immobili\u00e8re, conformit\u00e9, \u00e9tats des lieux et accompagnement terrain.Cliquez sur le service qui vous int\u00e9resse pour en savoir plus. Pourquoi nous sommes faits Pour ce m\u00e9tier 01 [&hellip;]<\/p>\n","protected":false},"author":1,"featured_media":0,"parent":0,"menu_order":0,"comment_status":"closed","ping_status":"closed","template":"","meta":{"footnotes":""},"class_list":["post-540","page","type-page","status-publish","hentry"],"_links":{"self":[{"href":"http:\/\/corse-expertise.com\/index.php\/wp-json\/wp\/v2\/pages\/540","targetHints":{"allow":["GET"]}}],"collection":[{"href":"http:\/\/corse-expertise.com\/index.php\/wp-json\/wp\/v2\/pages"}],"about":[{"href":"http:\/\/corse-expertise.com\/index.php\/wp-json\/wp\/v2\/types\/page"}],"author":[{"embeddable":true,"href":"http:\/\/corse-expertise.com\/index.php\/wp-json\/wp\/v2\/users\/1"}],"replies":[{"embeddable":true,"href":"http:\/\/corse-expertise.com\/index.php\/wp-json\/wp\/v2\/comments?post=540"}],"version-history":[{"count":4,"href":"http:\/\/corse-expertise.com\/index.php\/wp-json\/wp\/v2\/pages\/540\/revisions"}],"predecessor-version":[{"id":592,"href":"http:\/\/corse-expertise.com\/index.php\/wp-json\/wp\/v2\/pages\/540\/revisions\/592"}],"wp:attachment":[{"href":"http:\/\/corse-expertise.com\/index.php\/wp-json\/wp\/v2\/media?parent=540"}],"curies":[{"name":"wp","href":"https:\/\/api.w.org\/{rel}","templated":true}]}}