{"id":543,"date":"2026-04-06T12:40:42","date_gmt":"2026-04-06T12:40:42","guid":{"rendered":"https:\/\/corse-expertise.com\/?page_id=543"},"modified":"2026-04-06T14:03:25","modified_gmt":"2026-04-06T14:03:25","slug":"rapports-dexpertise-immobiliere-complets","status":"publish","type":"page","link":"http:\/\/corse-expertise.com\/index.php\/rapports-dexpertise-immobiliere-complets\/","title":{"rendered":"Rapports d\u2019expertise immobili\u00e8re complets\u00a0"},"content":{"rendered":"\t\t<div data-elementor-type=\"wp-page\" data-elementor-id=\"543\" class=\"elementor elementor-543\" data-elementor-post-type=\"page\">\n\t\t\t\t<div class=\"elementor-element elementor-element-3a34e898 e-flex e-con-boxed e-con e-parent\" data-id=\"3a34e898\" data-element_type=\"container\" data-e-type=\"container\">\n\t\t\t\t\t<div class=\"e-con-inner\">\n\t\t<div class=\"elementor-element elementor-element-55dce35c e-con-full e-flex e-con e-child\" data-id=\"55dce35c\" data-element_type=\"container\" data-e-type=\"container\">\n\t\t\t\t<div class=\"elementor-element elementor-element-4310c1a7 elementor-widget__width-initial elementor-absolute elementor-widget elementor-widget-spacer\" data-id=\"4310c1a7\" data-element_type=\"widget\" data-e-type=\"widget\" data-settings=\"{&quot;_position&quot;:&quot;absolute&quot;}\" data-widget_type=\"spacer.default\">\n\t\t\t\t\t\t\t<div class=\"elementor-spacer\">\n\t\t\t<div class=\"elementor-spacer-inner\"><\/div>\n\t\t<\/div>\n\t\t\t\t\t\t<\/div>\n\t\t\t\t<div class=\"elementor-element elementor-element-7163fb24 elementor-invisible elementor-widget elementor-widget-heading\" data-id=\"7163fb24\" data-element_type=\"widget\" data-e-type=\"widget\" data-settings=\"{&quot;_animation&quot;:&quot;fadeInUp&quot;}\" data-widget_type=\"heading.default\">\n\t\t\t\t\t<h3 class=\"elementor-heading-title elementor-size-default\">Nos prestations<\/h3>\t\t\t\t<\/div>\n\t\t\t\t<div class=\"elementor-element elementor-element-37ade1c5 elementor-widget elementor-widget-text-editor\" data-id=\"37ade1c5\" data-element_type=\"widget\" data-e-type=\"widget\" data-widget_type=\"text-editor.default\">\n\t\t\t\t\t\t\t\t\t<h3 data-section-id=\"1zaz7l\" data-start=\"132\" data-end=\"206\">RAPPORTS D\u2019EXPERTISE IMMOBILI\u00c8RE COMPLETS<\/h3><p data-start=\"208\" data-end=\"324\">L\u2019expertise immobili\u00e8re permet de d\u00e9terminer la valeur r\u00e9elle d\u2019un bien de mani\u00e8re objective et argument\u00e9e.<\/p><p><b>Ce rapport \u00c9tabli conform\u00e9ment \u00e0 la Charte des Experts Immobiliers, ce rapport d\u2019expertise est reconnu par les notaires, les \u00e9tablissements bancaires et l\u2019ensemble des organismes officiels.<\/b><\/p><p><b>Notre m\u00e9thode :<\/b><b><\/b><\/p><p>\u2022analyse du march\u00e9 (comparables, DVF)<br \/>\u2022\u00e9tude du bien (emplacement, \u00e9tat, prestations)<br \/>\u2022remise d\u2019un avis de valeur d\u00e9taill\u00e9<br \/>\u2022combinaison de plusieurs m\u00e9thodes de calculs\u00a0<br \/>\u2022impartialit\u00e9 <br \/>\u2022visite du bien\u00a0<\/p><p><b>Pourquoi ?\u00a0<\/b><\/p><p>\u2022Successions<br \/>\u2022Divorces\u00a0<br \/>\u2022Donations<br \/>\u2022D\u00e9membrements<br \/>\u2022Demandes de pr\u00eats\u00a0<br \/>\u2022Ventes\u00a0<br \/>\u2022Locations\u00a0<br \/>\u2022Justifications aupr\u00e8s de l&rsquo;administration fiscale<\/p>\t\t\t\t\t\t\t\t<\/div>\n\t\t\t\t<\/div>\n\t\t<div class=\"elementor-element elementor-element-21912855 e-con-full e-flex e-con e-child\" data-id=\"21912855\" data-element_type=\"container\" data-e-type=\"container\" data-settings=\"{&quot;background_background&quot;:&quot;classic&quot;}\">\n\t\t\t\t<\/div>\n\t\t\t\t\t<\/div>\n\t\t\t\t<\/div>\n\t\t\t\t<\/div>\n\t\t","protected":false},"excerpt":{"rendered":"<p>Nos prestations RAPPORTS D\u2019EXPERTISE IMMOBILI\u00c8RE COMPLETS L\u2019expertise immobili\u00e8re permet de d\u00e9terminer la valeur r\u00e9elle d\u2019un bien de mani\u00e8re objective et argument\u00e9e. Ce rapport \u00c9tabli conform\u00e9ment \u00e0 la Charte des Experts Immobiliers, ce rapport d\u2019expertise est reconnu par les notaires, les \u00e9tablissements bancaires et l\u2019ensemble des organismes officiels. Notre m\u00e9thode : \u2022analyse du march\u00e9 (comparables, DVF)\u2022\u00e9tude [&hellip;]<\/p>\n","protected":false},"author":1,"featured_media":0,"parent":0,"menu_order":0,"comment_status":"closed","ping_status":"closed","template":"","meta":{"footnotes":""},"class_list":["post-543","page","type-page","status-publish","hentry"],"_links":{"self":[{"href":"http:\/\/corse-expertise.com\/index.php\/wp-json\/wp\/v2\/pages\/543","targetHints":{"allow":["GET"]}}],"collection":[{"href":"http:\/\/corse-expertise.com\/index.php\/wp-json\/wp\/v2\/pages"}],"about":[{"href":"http:\/\/corse-expertise.com\/index.php\/wp-json\/wp\/v2\/types\/page"}],"author":[{"embeddable":true,"href":"http:\/\/corse-expertise.com\/index.php\/wp-json\/wp\/v2\/users\/1"}],"replies":[{"embeddable":true,"href":"http:\/\/corse-expertise.com\/index.php\/wp-json\/wp\/v2\/comments?post=543"}],"version-history":[{"count":4,"href":"http:\/\/corse-expertise.com\/index.php\/wp-json\/wp\/v2\/pages\/543\/revisions"}],"predecessor-version":[{"id":652,"href":"http:\/\/corse-expertise.com\/index.php\/wp-json\/wp\/v2\/pages\/543\/revisions\/652"}],"wp:attachment":[{"href":"http:\/\/corse-expertise.com\/index.php\/wp-json\/wp\/v2\/media?parent=543"}],"curies":[{"name":"wp","href":"https:\/\/api.w.org\/{rel}","templated":true}]}}