{"id":545,"date":"2026-04-06T12:41:03","date_gmt":"2026-04-06T12:41:03","guid":{"rendered":"https:\/\/corse-expertise.com\/?page_id=545"},"modified":"2026-04-06T13:59:18","modified_gmt":"2026-04-06T13:59:18","slug":"estimation-immobiliere-en-corse","status":"publish","type":"page","link":"http:\/\/corse-expertise.com\/index.php\/estimation-immobiliere-en-corse\/","title":{"rendered":"Estimation immobili\u00e8re\u00a0en Corse"},"content":{"rendered":"\t\t<div data-elementor-type=\"wp-page\" data-elementor-id=\"545\" class=\"elementor elementor-545\" data-elementor-post-type=\"page\">\n\t\t\t\t<div class=\"elementor-element elementor-element-52b03c49 e-flex e-con-boxed e-con e-parent\" data-id=\"52b03c49\" data-element_type=\"container\" data-e-type=\"container\">\n\t\t\t\t\t<div class=\"e-con-inner\">\n\t\t<div class=\"elementor-element elementor-element-462a8014 e-con-full e-flex e-con e-child\" data-id=\"462a8014\" data-element_type=\"container\" data-e-type=\"container\">\n\t\t\t\t<div class=\"elementor-element elementor-element-2f50585b elementor-widget__width-initial elementor-absolute elementor-widget elementor-widget-spacer\" data-id=\"2f50585b\" data-element_type=\"widget\" data-e-type=\"widget\" data-settings=\"{&quot;_position&quot;:&quot;absolute&quot;}\" data-widget_type=\"spacer.default\">\n\t\t\t\t\t\t\t<div class=\"elementor-spacer\">\n\t\t\t<div class=\"elementor-spacer-inner\"><\/div>\n\t\t<\/div>\n\t\t\t\t\t\t<\/div>\n\t\t\t\t<div class=\"elementor-element elementor-element-e675b6d elementor-invisible elementor-widget elementor-widget-heading\" data-id=\"e675b6d\" data-element_type=\"widget\" data-e-type=\"widget\" data-settings=\"{&quot;_animation&quot;:&quot;fadeInUp&quot;}\" data-widget_type=\"heading.default\">\n\t\t\t\t\t<h3 class=\"elementor-heading-title elementor-size-default\">Nos prestations<\/h3>\t\t\t\t<\/div>\n\t\t\t\t<div class=\"elementor-element elementor-element-34fa6c00 elementor-widget elementor-widget-text-editor\" data-id=\"34fa6c00\" data-element_type=\"widget\" data-e-type=\"widget\" data-widget_type=\"text-editor.default\">\n\t\t\t\t\t\t\t\t\t<h3 data-section-id=\"1zaz7l\" data-start=\"132\" data-end=\"206\">ESTIMATION IMMOBILI\u00c8RE EN CORSE<\/h3><p data-start=\"2145\" data-end=\"2270\">Obtenez une estimation fiable de votre bien immobilier bas\u00e9e sur une analyse du march\u00e9 local et des caract\u00e9ristiques du bien.<\/p><p data-start=\"2285\" data-end=\"2300\"><strong>Notre m\u00e9thode :<\/strong><\/p><ul data-start=\"2301\" data-end=\"2432\"><li data-section-id=\"4dshre\" data-start=\"2301\" data-end=\"2341\">analyse du march\u00e9 (comparables, DVF)<\/li><li data-section-id=\"no78ty\" data-start=\"2342\" data-end=\"2392\">\u00e9tude du bien (emplacement, \u00e9tat, prestations)<\/li><li data-section-id=\"1lzbv1i\" data-start=\"2393\" data-end=\"2432\">remise d\u2019un avis de valeur d\u00e9taill\u00e9<\/li><\/ul><h2 data-section-id=\"68f03j\" data-start=\"2434\" data-end=\"2447\">Pourquoi<\/h2><p data-start=\"2448\" data-end=\"2495\">Vendre au bon prix, rapidement et efficacement.<\/p>\t\t\t\t\t\t\t\t<\/div>\n\t\t\t\t<\/div>\n\t\t<div class=\"elementor-element elementor-element-12699ab e-con-full e-flex e-con e-child\" data-id=\"12699ab\" data-element_type=\"container\" data-e-type=\"container\" data-settings=\"{&quot;background_background&quot;:&quot;classic&quot;}\">\n\t\t\t\t<\/div>\n\t\t\t\t\t<\/div>\n\t\t\t\t<\/div>\n\t\t\t\t<\/div>\n\t\t","protected":false},"excerpt":{"rendered":"<p>Nos prestations ESTIMATION IMMOBILI\u00c8RE EN CORSE Obtenez une estimation fiable de votre bien immobilier bas\u00e9e sur une analyse du march\u00e9 local et des caract\u00e9ristiques du bien. Notre m\u00e9thode : analyse du march\u00e9 (comparables, DVF) \u00e9tude du bien (emplacement, \u00e9tat, prestations) remise d\u2019un avis de valeur d\u00e9taill\u00e9 Pourquoi Vendre au bon prix, rapidement et efficacement.<\/p>\n","protected":false},"author":1,"featured_media":0,"parent":0,"menu_order":0,"comment_status":"closed","ping_status":"closed","template":"","meta":{"footnotes":""},"class_list":["post-545","page","type-page","status-publish","hentry"],"_links":{"self":[{"href":"http:\/\/corse-expertise.com\/index.php\/wp-json\/wp\/v2\/pages\/545","targetHints":{"allow":["GET"]}}],"collection":[{"href":"http:\/\/corse-expertise.com\/index.php\/wp-json\/wp\/v2\/pages"}],"about":[{"href":"http:\/\/corse-expertise.com\/index.php\/wp-json\/wp\/v2\/types\/page"}],"author":[{"embeddable":true,"href":"http:\/\/corse-expertise.com\/index.php\/wp-json\/wp\/v2\/users\/1"}],"replies":[{"embeddable":true,"href":"http:\/\/corse-expertise.com\/index.php\/wp-json\/wp\/v2\/comments?post=545"}],"version-history":[{"count":7,"href":"http:\/\/corse-expertise.com\/index.php\/wp-json\/wp\/v2\/pages\/545\/revisions"}],"predecessor-version":[{"id":647,"href":"http:\/\/corse-expertise.com\/index.php\/wp-json\/wp\/v2\/pages\/545\/revisions\/647"}],"wp:attachment":[{"href":"http:\/\/corse-expertise.com\/index.php\/wp-json\/wp\/v2\/media?parent=545"}],"curies":[{"name":"wp","href":"https:\/\/api.w.org\/{rel}","templated":true}]}}