{"id":547,"date":"2026-04-06T12:41:17","date_gmt":"2026-04-06T12:41:17","guid":{"rendered":"https:\/\/corse-expertise.com\/?page_id=547"},"modified":"2026-04-06T13:32:24","modified_gmt":"2026-04-06T13:32:24","slug":"certificat-de-mesurage-loi-carrez-boutin","status":"publish","type":"page","link":"http:\/\/corse-expertise.com\/index.php\/certificat-de-mesurage-loi-carrez-boutin\/","title":{"rendered":"Certificat de mesurage (Loi Carrez \/ Boutin)"},"content":{"rendered":"\t\t<div data-elementor-type=\"wp-page\" data-elementor-id=\"547\" class=\"elementor elementor-547\" data-elementor-post-type=\"page\">\n\t\t\t\t<div class=\"elementor-element elementor-element-7010d28a e-flex e-con-boxed e-con e-parent\" data-id=\"7010d28a\" data-element_type=\"container\" data-e-type=\"container\">\n\t\t\t\t\t<div class=\"e-con-inner\">\n\t\t<div class=\"elementor-element elementor-element-11a56336 e-con-full e-flex e-con e-child\" data-id=\"11a56336\" data-element_type=\"container\" data-e-type=\"container\">\n\t\t\t\t<div class=\"elementor-element elementor-element-39a03fbe elementor-widget__width-initial elementor-absolute elementor-widget elementor-widget-spacer\" data-id=\"39a03fbe\" data-element_type=\"widget\" data-e-type=\"widget\" data-settings=\"{&quot;_position&quot;:&quot;absolute&quot;}\" data-widget_type=\"spacer.default\">\n\t\t\t\t\t\t\t<div class=\"elementor-spacer\">\n\t\t\t<div class=\"elementor-spacer-inner\"><\/div>\n\t\t<\/div>\n\t\t\t\t\t\t<\/div>\n\t\t\t\t<div class=\"elementor-element elementor-element-129f6490 elementor-invisible elementor-widget elementor-widget-heading\" data-id=\"129f6490\" data-element_type=\"widget\" data-e-type=\"widget\" data-settings=\"{&quot;_animation&quot;:&quot;fadeInUp&quot;}\" data-widget_type=\"heading.default\">\n\t\t\t\t\t<h3 class=\"elementor-heading-title elementor-size-default\">Nos prestations<\/h3>\t\t\t\t<\/div>\n\t\t\t\t<div class=\"elementor-element elementor-element-5a05fa5c elementor-widget elementor-widget-text-editor\" data-id=\"5a05fa5c\" data-element_type=\"widget\" data-e-type=\"widget\" data-widget_type=\"text-editor.default\">\n\t\t\t\t\t\t\t\t\t<h3 data-section-id=\"1zaz7l\" data-start=\"132\" data-end=\"206\">Certificat de mesurage en Corse \u2013 Loi Carrez &amp; surface habitable<\/h3><p data-start=\"208\" data-end=\"324\">Le certificat de mesurage est une \u00e9tape essentielle lors de la vente ou de la location d\u2019un bien immobilier. Corse Expertise r\u00e9alise des mesurages pr\u00e9cis et conformes \u00e0 la r\u00e9glementation afin de s\u00e9curiser vos transactions.<\/p><p><span style=\"font-weight: 400;\">Nous r\u00e9alisons vos\u00a0<\/span><b>mesurages officiels<\/b><span style=\"font-weight: 400;\">\u00a0:<\/span><\/p><p><span style=\"font-weight: 400;\">\u2714\ufe0fLoi Carrez (vente en copropri\u00e9t\u00e9)<br \/><\/span><span style=\"font-weight: 400;\">\u2714\ufe0fSurface habitable (location)<br \/><\/span><span style=\"font-weight: 400;\">\u2714\ufe0f<\/span><span style=\"font-weight: 400;\"> Certificat conforme<\/span><span style=\"font-weight: 400;\"><br \/><\/span><span style=\"font-weight: 400;\">\u2714\ufe0f<\/span><span style=\"font-weight: 400;\"> S\u00e9curisation de la transaction<\/span><\/p><h4><strong>Attention :<\/strong><\/h4><ul><li><strong>Lors de la vente d&rsquo;un bien en copropri\u00e9t\u00e9<\/strong>, il est obligatoire de fournir un certificat de mesure Loi Carrez<\/li><li><strong>Pour une mise en location d&rsquo;un bien,<\/strong> la loi Boutin impose de fournir les mesures de surfaces habitables\u00a0<\/li><\/ul>\t\t\t\t\t\t\t\t<\/div>\n\t\t\t\t<\/div>\n\t\t<div class=\"elementor-element elementor-element-48a27e1c e-con-full e-flex e-con e-child\" data-id=\"48a27e1c\" data-element_type=\"container\" data-e-type=\"container\" data-settings=\"{&quot;background_background&quot;:&quot;classic&quot;}\">\n\t\t\t\t<\/div>\n\t\t\t\t\t<\/div>\n\t\t\t\t<\/div>\n\t\t\t\t<\/div>\n\t\t","protected":false},"excerpt":{"rendered":"<p>Nos prestations Certificat de mesurage en Corse \u2013 Loi Carrez &amp; surface habitable Le certificat de mesurage est une \u00e9tape essentielle lors de la vente ou de la location d\u2019un bien immobilier. Corse Expertise r\u00e9alise des mesurages pr\u00e9cis et conformes \u00e0 la r\u00e9glementation afin de s\u00e9curiser vos transactions. Nous r\u00e9alisons vos\u00a0mesurages officiels\u00a0: \u2714\ufe0fLoi Carrez (vente [&hellip;]<\/p>\n","protected":false},"author":1,"featured_media":0,"parent":0,"menu_order":0,"comment_status":"closed","ping_status":"closed","template":"","meta":{"footnotes":""},"class_list":["post-547","page","type-page","status-publish","hentry"],"_links":{"self":[{"href":"http:\/\/corse-expertise.com\/index.php\/wp-json\/wp\/v2\/pages\/547","targetHints":{"allow":["GET"]}}],"collection":[{"href":"http:\/\/corse-expertise.com\/index.php\/wp-json\/wp\/v2\/pages"}],"about":[{"href":"http:\/\/corse-expertise.com\/index.php\/wp-json\/wp\/v2\/types\/page"}],"author":[{"embeddable":true,"href":"http:\/\/corse-expertise.com\/index.php\/wp-json\/wp\/v2\/users\/1"}],"replies":[{"embeddable":true,"href":"http:\/\/corse-expertise.com\/index.php\/wp-json\/wp\/v2\/comments?post=547"}],"version-history":[{"count":7,"href":"http:\/\/corse-expertise.com\/index.php\/wp-json\/wp\/v2\/pages\/547\/revisions"}],"predecessor-version":[{"id":623,"href":"http:\/\/corse-expertise.com\/index.php\/wp-json\/wp\/v2\/pages\/547\/revisions\/623"}],"wp:attachment":[{"href":"http:\/\/corse-expertise.com\/index.php\/wp-json\/wp\/v2\/media?parent=547"}],"curies":[{"name":"wp","href":"https:\/\/api.w.org\/{rel}","templated":true}]}}