{"id":570,"date":"2026-04-06T12:54:35","date_gmt":"2026-04-06T12:54:35","guid":{"rendered":"https:\/\/corse-expertise.com\/?page_id=570"},"modified":"2026-04-06T14:26:07","modified_gmt":"2026-04-06T14:26:07","slug":"pour-les-professionnels","status":"publish","type":"page","link":"http:\/\/corse-expertise.com\/index.php\/pour-les-professionnels\/","title":{"rendered":"Pour les professionnels"},"content":{"rendered":"\t\t<div data-elementor-type=\"wp-page\" data-elementor-id=\"570\" class=\"elementor elementor-570\" data-elementor-post-type=\"page\">\n\t\t\t\t<div class=\"elementor-element elementor-element-1d26b0f9 e-flex e-con-boxed e-con e-parent\" data-id=\"1d26b0f9\" data-element_type=\"container\" data-e-type=\"container\">\n\t\t\t\t\t<div class=\"e-con-inner\">\n\t\t<div class=\"elementor-element elementor-element-42ed0317 e-con-full e-flex e-con e-child\" data-id=\"42ed0317\" data-element_type=\"container\" data-e-type=\"container\">\n\t\t\t\t<div class=\"elementor-element elementor-element-375ed7ac elementor-widget__width-initial elementor-absolute elementor-widget elementor-widget-spacer\" data-id=\"375ed7ac\" data-element_type=\"widget\" data-e-type=\"widget\" data-settings=\"{&quot;_position&quot;:&quot;absolute&quot;}\" data-widget_type=\"spacer.default\">\n\t\t\t\t\t\t\t<div class=\"elementor-spacer\">\n\t\t\t<div class=\"elementor-spacer-inner\"><\/div>\n\t\t<\/div>\n\t\t\t\t\t\t<\/div>\n\t\t\t\t<div class=\"elementor-element elementor-element-497b57f9 elementor-invisible elementor-widget elementor-widget-heading\" data-id=\"497b57f9\" data-element_type=\"widget\" data-e-type=\"widget\" data-settings=\"{&quot;_animation&quot;:&quot;fadeInUp&quot;}\" data-widget_type=\"heading.default\">\n\t\t\t\t\t<h3 class=\"elementor-heading-title elementor-size-default\">Nos prestations<\/h3>\t\t\t\t<\/div>\n\t\t\t\t<div class=\"elementor-element elementor-element-3d0fd375 elementor-widget elementor-widget-text-editor\" data-id=\"3d0fd375\" data-element_type=\"widget\" data-e-type=\"widget\" data-widget_type=\"text-editor.default\">\n\t\t\t\t\t\t\t\t\t<h3 style=\"text-align: left;\" data-section-id=\"1zaz7l\" data-start=\"132\" data-end=\"206\">SOLUTIONS POUR LES PROFESSIONNELS<\/h3><h2 style=\"text-align: left;\" data-section-id=\"1ada9q2\" data-start=\"232\" data-end=\"273\">Externalisez, s\u00e9curisez, d\u00e9veloppez<\/h2><p style=\"text-align: left;\" data-start=\"275\" data-end=\"400\">Corse Expertise accompagne les professionnels de l\u2019immobilier en Corse avec des prestations sur mesure en <strong data-start=\"381\" data-end=\"399\">sous-traitance<\/strong>.<\/p><p style=\"text-align: left;\" data-start=\"402\" data-end=\"528\">Notre mission :<br data-start=\"417\" data-end=\"420\" \/>\ud83d\udc49 vous faire gagner du temps<br data-start=\"449\" data-end=\"452\" \/>\ud83d\udc49 s\u00e9curiser vos dossiers<br data-start=\"477\" data-end=\"480\" \/>\ud83d\udc49 valoriser votre image aupr\u00e8s de vos clients<\/p><p style=\"text-align: left;\" data-start=\"530\" data-end=\"646\">Nous intervenons avec rigueur, discr\u00e9tion et efficacit\u00e9, avec la possibilit\u00e9 de collaboration en <strong data-start=\"627\" data-end=\"645\">marque blanche<\/strong>.<\/p><h1 style=\"text-align: left;\" data-section-id=\"utle9y\" data-start=\"653\" data-end=\"678\"><span style=\"color: #d09c01;\">AGENCES IMMOBILI\u00c8RES<\/span><\/h1><h2 style=\"text-align: left;\" data-section-id=\"zdmmii\" data-start=\"680\" data-end=\"738\">Un partenaire terrain pour fluidifier votre activit\u00e9<\/h2><h3 style=\"text-align: left;\" data-section-id=\"1vbvoo0\" data-start=\"740\" data-end=\"759\">\ud83d\udd27 Nos services<\/h3><p style=\"text-align: left;\" data-start=\"761\" data-end=\"879\">\u2714\ufe0f <strong data-start=\"764\" data-end=\"795\">Gestion des \u00e9tats des lieux<\/strong><br data-start=\"795\" data-end=\"798\" \/>\u00c9tats des lieux d\u2019entr\u00e9e et de sortie complets avec photos et rapports d\u00e9taill\u00e9s.<\/p><p style=\"text-align: left;\" data-start=\"881\" data-end=\"999\">\u2714\ufe0f <strong data-start=\"884\" data-end=\"908\">Visites immobili\u00e8res<\/strong><br data-start=\"908\" data-end=\"911\" \/>Organisation et r\u00e9alisation des visites pour ventes et locations, avec retour structur\u00e9.<\/p><p style=\"text-align: left;\" data-start=\"1001\" data-end=\"1064\">\u2714\ufe0f <strong data-start=\"1004\" data-end=\"1028\">Estimations d\u2019expert<\/strong><br data-start=\"1028\" data-end=\"1031\" \/>Rapports d\u2019expertise permettant :<\/p><ul style=\"text-align: left;\" data-start=\"1065\" data-end=\"1189\"><li data-section-id=\"12ej5rx\" data-start=\"1065\" data-end=\"1102\">de s\u00e9curiser vos mandats de vente<\/li><li data-section-id=\"1mr6p2l\" data-start=\"1103\" data-end=\"1147\">de justifier le prix aupr\u00e8s des vendeurs<\/li><li data-section-id=\"1d894iw\" data-start=\"1148\" data-end=\"1189\">d\u2019appuyer les dossiers de financement<\/li><\/ul><h3 style=\"text-align: left;\" data-section-id=\"jzyo25\" data-start=\"1196\" data-end=\"1234\">Nos prestations compl\u00e9mentaires<\/h3><p style=\"text-align: left;\" data-start=\"1236\" data-end=\"1541\">\u2714\ufe0f pr\u00e9-visite technique avant prise de mandat<br data-start=\"1281\" data-end=\"1284\" \/>\u2714\ufe0f analyse de coh\u00e9rence de prix (avant mise en vente)<br data-start=\"1337\" data-end=\"1340\" \/>\u2714\ufe0f accompagnement \u00e0 la valorisation du bien<br data-start=\"1383\" data-end=\"1386\" \/>\u2714\ufe0f contr\u00f4le de conformit\u00e9 avant location<br data-start=\"1426\" data-end=\"1429\" \/>\u2714\ufe0f audit rapide d\u2019un bien (points forts \/ points faibles)<br data-start=\"1486\" data-end=\"1489\" \/>\u2714\ufe0f assistance en cas de litige vendeur \/ acqu\u00e9reur<\/p><h3 style=\"text-align: left;\" data-section-id=\"1tqht37\" data-start=\"1548\" data-end=\"1568\">Vos avantages<\/h3><p style=\"text-align: left;\" data-start=\"1570\" data-end=\"1744\">\u2714\ufe0f gain de temps op\u00e9rationnel<br data-start=\"1599\" data-end=\"1602\" \/>\u2714\ufe0f meilleure r\u00e9activit\u00e9<br data-start=\"1625\" data-end=\"1628\" \/>\u2714\ufe0f augmentation de votre taux de signature<br data-start=\"1670\" data-end=\"1673\" \/>\u2714\ufe0f image professionnelle renforc\u00e9e<br data-start=\"1707\" data-end=\"1710\" \/>\u2714\ufe0f s\u00e9curisation des transactions<\/p><h1 style=\"text-align: left;\" data-section-id=\"1xko86j\" data-start=\"1751\" data-end=\"1769\"><span style=\"color: #d09c01;\">CONCIERGERIES<\/span><\/h1><h2 style=\"text-align: left;\" data-section-id=\"uq247p\" data-start=\"1771\" data-end=\"1820\">S\u00e9curisez vos biens et votre responsabilit\u00e9<\/h2><h3 style=\"text-align: left;\" data-section-id=\"1vbvoo0\" data-start=\"1822\" data-end=\"1841\">\ud83d\udd27 Nos services<\/h3><p style=\"text-align: left;\" data-start=\"1843\" data-end=\"1950\">\u2714\ufe0f <strong data-start=\"1846\" data-end=\"1887\">\u00c9tats des lieux avant et apr\u00e8s saison<\/strong><br data-start=\"1887\" data-end=\"1890\" \/>Contr\u00f4le pr\u00e9cis de l\u2019\u00e9tat des biens en location saisonni\u00e8re.<\/p><p style=\"text-align: left;\" data-start=\"1952\" data-end=\"2049\">\u2714\ufe0f <strong data-start=\"1955\" data-end=\"1989\">Rapports d\u00e9taill\u00e9s avec photos<\/strong><br data-start=\"1989\" data-end=\"1992\" \/>Documents exploitables en cas de d\u00e9gradations ou litiges.<\/p><h3 style=\"text-align: left;\" data-section-id=\"1bwe1i\" data-start=\"2056\" data-end=\"2076\">En compl\u00e9ment<\/h3><p style=\"text-align: left;\" data-start=\"2078\" data-end=\"2262\">\u2714\ufe0f contr\u00f4le de remise en \u00e9tat apr\u00e8s saison<br data-start=\"2120\" data-end=\"2123\" \/>\u2714\ufe0f v\u00e9rification g\u00e9n\u00e9rale du bien (usure, anomalies)<br data-start=\"2174\" data-end=\"2177\" \/>\u2714\ufe0f signalement des r\u00e9parations n\u00e9cessaires<br data-start=\"2219\" data-end=\"2222\" \/>\u2714\ufe0f audit rapide avant mise en location<\/p><h3 style=\"text-align: left;\" data-section-id=\"gwrqq7\" data-start=\"2269\" data-end=\"2284\">Objectif<\/h3><p style=\"text-align: left;\" data-start=\"2286\" data-end=\"2376\">\ud83d\udc49 prot\u00e9ger vos clients<br data-start=\"2309\" data-end=\"2312\" \/>\ud83d\udc49 s\u00e9curiser votre activit\u00e9<br data-start=\"2339\" data-end=\"2342\" \/>\ud83d\udc49 professionnaliser votre image<\/p><h1 style=\"text-align: left;\" data-section-id=\"1mw7ukz\" data-start=\"2383\" data-end=\"2396\"><span style=\"color: #d09c01;\">NOTAIRES<\/span><\/h1><h2 style=\"text-align: left;\" data-section-id=\"gcfz4z\" data-start=\"2398\" data-end=\"2455\">\u2696\ufe0f Des \u00e9valuations fiables pour des dossiers s\u00e9curis\u00e9s<\/h2><h3 style=\"text-align: left;\" data-section-id=\"1vbvoo0\" data-start=\"2457\" data-end=\"2476\">\ud83d\udd27 Nos services<\/h3><p style=\"text-align: left;\" data-start=\"2478\" data-end=\"2576\">\u2714\ufe0f <strong data-start=\"2481\" data-end=\"2526\">Estimations immobili\u00e8res professionnelles<\/strong><br data-start=\"2526\" data-end=\"2529\" \/>\u00c9valuation pr\u00e9cise des biens dans le cadre de :<\/p><ul style=\"text-align: left;\" data-start=\"2577\" data-end=\"2630\"><li data-section-id=\"1x2c0sw\" data-start=\"2577\" data-end=\"2592\">successions<\/li><li data-section-id=\"albe77\" data-start=\"2593\" data-end=\"2606\">donations<\/li><li data-section-id=\"fu6n8v\" data-start=\"2607\" data-end=\"2619\">partages<\/li><li data-section-id=\"1hedm8n\" data-start=\"2620\" data-end=\"2630\">ventes<\/li><\/ul><h3 style=\"text-align: left;\" data-section-id=\"1bwe1i\" data-start=\"2637\" data-end=\"2657\">En compl\u00e9ment<\/h3><p style=\"text-align: left;\" data-start=\"2659\" data-end=\"2802\">\u2714\ufe0f rapports d\u2019expertise d\u00e9taill\u00e9s pour dossiers sensibles<br data-start=\"2716\" data-end=\"2719\" \/>\u2714\ufe0f analyse de valeur v\u00e9nale argument\u00e9e<br data-start=\"2757\" data-end=\"2760\" \/>\u2714\ufe0f accompagnement sur dossiers complexes<\/p><h3 style=\"text-align: left;\" data-section-id=\"gwrqq7\" data-start=\"2809\" data-end=\"2824\">Objectif<\/h3><p style=\"text-align: left;\" data-start=\"2826\" data-end=\"2909\">\ud83d\udc49 garantir des bases solides et objectives<br data-start=\"2869\" data-end=\"2872\" \/>\ud83d\udc49 s\u00e9curiser les actes et d\u00e9cisions<\/p><h1 style=\"text-align: left;\" data-section-id=\"14vkm1v\" data-start=\"2916\" data-end=\"2928\"><span style=\"color: #d09c01;\">BANQUES<\/span><\/h1><h2 style=\"text-align: left;\" data-section-id=\"1i94o29\" data-start=\"2930\" data-end=\"2991\">S\u00e9curisez vos financements gr\u00e2ce \u00e0 une expertise fiable<\/h2><h3 style=\"text-align: left;\" data-section-id=\"1vbvoo0\" data-start=\"2993\" data-end=\"3012\">\ud83d\udd27 Nos services<\/h3><p style=\"text-align: left;\" data-start=\"3014\" data-end=\"3117\">\u2714\ufe0f <strong data-start=\"3017\" data-end=\"3051\">\u00c9valuation de la valeur v\u00e9nale<\/strong><br data-start=\"3051\" data-end=\"3054\" \/>D\u00e9termination pr\u00e9cise de la valeur r\u00e9elle d\u2019un bien immobilier.<\/p><p style=\"text-align: left;\" data-start=\"3119\" data-end=\"3206\">\u2714\ufe0f <strong data-start=\"3122\" data-end=\"3158\">Estimation de la valeur locative<\/strong><br data-start=\"3158\" data-end=\"3161\" \/>Analyse du potentiel locatif et du rendement.<\/p><h3 style=\"text-align: left;\" data-section-id=\"1bwe1i\" data-start=\"3213\" data-end=\"3233\">En compl\u00e9ment<\/h3><p style=\"text-align: left;\" data-start=\"3235\" data-end=\"3387\">\u2714\ufe0f avis technique sur la coh\u00e9rence du projet immobilier<br data-start=\"3290\" data-end=\"3293\" \/>\u2714\ufe0f analyse du risque li\u00e9 au bien<br data-start=\"3325\" data-end=\"3328\" \/>\u2714\ufe0f estimation dans le cadre de garanties ou refinancement<\/p><h3 style=\"text-align: left;\" data-section-id=\"gwrqq7\" data-start=\"3394\" data-end=\"3409\">Objectif<\/h3><p style=\"text-align: left;\" data-start=\"3411\" data-end=\"3484\">\ud83d\udc49 fiabiliser les d\u00e9cisions de financement<br data-start=\"3453\" data-end=\"3456\" \/>\ud83d\udc49 s\u00e9curiser les garanties<\/p><h1 style=\"text-align: left;\" data-section-id=\"1adnkqb\" data-start=\"3491\" data-end=\"3534\"><span style=\"color: #d09c01;\">SERVICES TRANSVERSAUX\u00a0<\/span><\/h1><h2 style=\"text-align: left;\" data-section-id=\"1vjwnvn\" data-start=\"3536\" data-end=\"3583\">Ce qui fait la diff\u00e9rence Corse Expertises<\/h2><p style=\"text-align: left;\" data-start=\"3585\" data-end=\"3845\">\u2714\ufe0f <strong data-start=\"3588\" data-end=\"3622\">Intervention en marque blanche<\/strong> pour agences et partenaires<br data-start=\"3650\" data-end=\"3653\" \/>\u2714\ufe0f <strong data-start=\"3656\" data-end=\"3688\">R\u00e9activit\u00e9 et d\u00e9lais rapides<\/strong><br data-start=\"3688\" data-end=\"3691\" \/>\u2714\ufe0f <strong data-start=\"3694\" data-end=\"3748\">Rapports professionnels exploitables imm\u00e9diatement<\/strong><br data-start=\"3748\" data-end=\"3751\" \/>\u2714\ufe0f <strong data-start=\"3754\" data-end=\"3802\">Connaissance fine du march\u00e9 immobilier corse<\/strong><br data-start=\"3802\" data-end=\"3805\" \/>\u2714\ufe0f <strong data-start=\"3808\" data-end=\"3843\">Adaptabilit\u00e9 \u00e0 chaque structure<\/strong><\/p><h2 style=\"text-align: left;\" data-section-id=\"15st2u7\" data-start=\"3852\" data-end=\"3885\">Prestations compl\u00e9mentaires<\/h2><p style=\"text-align: left;\" data-start=\"3887\" data-end=\"4189\">\u2714\ufe0f expertise ind\u00e9pendante en cas de litige immobilier<br data-start=\"3940\" data-end=\"3943\" \/>\u2714\ufe0f accompagnement technique avant achat ou investissement<br data-start=\"4000\" data-end=\"4003\" \/>\u2714\ufe0f audit immobilier complet (valeur + \u00e9tat + potentiel)<br data-start=\"4058\" data-end=\"4061\" \/>\u2714\ufe0f analyse de rentabilit\u00e9 locative<br data-start=\"4095\" data-end=\"4098\" \/>\u2714\ufe0f accompagnement investisseurs \u00e0 distance<br data-start=\"4140\" data-end=\"4143\" \/>\u2714\ufe0f suivi de biens pour clients non r\u00e9sidents<\/p><h1 style=\"text-align: left;\" data-section-id=\"6niyfj\" data-start=\"4196\" data-end=\"4234\">\u00a0POURQUOI CHOISIR MOSCONI CORSE EXPERTISES ?<\/h1><p style=\"text-align: left;\" data-start=\"4236\" data-end=\"4459\">\u2714\ufe0f expert immobilier ind\u00e9pendant en Corse<br data-start=\"4277\" data-end=\"4280\" \/>\u2714\ufe0f vision terrain + approche technique<br data-start=\"4318\" data-end=\"4321\" \/>\u2714\ufe0f prestations fiables et rigoureuses<br data-start=\"4358\" data-end=\"4361\" \/>\u2714\ufe0f partenaire de confiance pour les professionnels<br data-start=\"4411\" data-end=\"4414\" \/>\u2714\ufe0f am\u00e9lioration directe de votre efficacit\u00e9<\/p>\t\t\t\t\t\t\t\t<\/div>\n\t\t\t\t<\/div>\n\t\t\t\t\t<\/div>\n\t\t\t\t<\/div>\n\t\t\t\t<\/div>\n\t\t","protected":false},"excerpt":{"rendered":"<p>Nos prestations SOLUTIONS POUR LES PROFESSIONNELS Externalisez, s\u00e9curisez, d\u00e9veloppez Corse Expertise accompagne les professionnels de l\u2019immobilier en Corse avec des prestations sur mesure en sous-traitance. Notre mission :\ud83d\udc49 vous faire gagner du temps\ud83d\udc49 s\u00e9curiser vos dossiers\ud83d\udc49 valoriser votre image aupr\u00e8s de vos clients Nous intervenons avec rigueur, discr\u00e9tion et efficacit\u00e9, avec la possibilit\u00e9 de collaboration [&hellip;]<\/p>\n","protected":false},"author":1,"featured_media":0,"parent":0,"menu_order":0,"comment_status":"closed","ping_status":"closed","template":"","meta":{"footnotes":""},"class_list":["post-570","page","type-page","status-publish","hentry"],"_links":{"self":[{"href":"http:\/\/corse-expertise.com\/index.php\/wp-json\/wp\/v2\/pages\/570","targetHints":{"allow":["GET"]}}],"collection":[{"href":"http:\/\/corse-expertise.com\/index.php\/wp-json\/wp\/v2\/pages"}],"about":[{"href":"http:\/\/corse-expertise.com\/index.php\/wp-json\/wp\/v2\/types\/page"}],"author":[{"embeddable":true,"href":"http:\/\/corse-expertise.com\/index.php\/wp-json\/wp\/v2\/users\/1"}],"replies":[{"embeddable":true,"href":"http:\/\/corse-expertise.com\/index.php\/wp-json\/wp\/v2\/comments?post=570"}],"version-history":[{"count":4,"href":"http:\/\/corse-expertise.com\/index.php\/wp-json\/wp\/v2\/pages\/570\/revisions"}],"predecessor-version":[{"id":670,"href":"http:\/\/corse-expertise.com\/index.php\/wp-json\/wp\/v2\/pages\/570\/revisions\/670"}],"wp:attachment":[{"href":"http:\/\/corse-expertise.com\/index.php\/wp-json\/wp\/v2\/media?parent=570"}],"curies":[{"name":"wp","href":"https:\/\/api.w.org\/{rel}","templated":true}]}}