{"id":656,"date":"2026-04-06T14:05:23","date_gmt":"2026-04-06T14:05:23","guid":{"rendered":"https:\/\/corse-expertise.com\/?page_id=656"},"modified":"2026-04-06T17:44:05","modified_gmt":"2026-04-06T17:44:05","slug":"visites-immobilieres","status":"publish","type":"page","link":"http:\/\/corse-expertise.com\/index.php\/visites-immobilieres\/","title":{"rendered":"\u00c9tat des lieux"},"content":{"rendered":"\t\t<div data-elementor-type=\"wp-page\" data-elementor-id=\"656\" class=\"elementor elementor-656\" data-elementor-post-type=\"page\">\n\t\t\t\t<div class=\"elementor-element elementor-element-45b5ad3 e-flex e-con-boxed e-con e-parent\" data-id=\"45b5ad3\" data-element_type=\"container\" data-e-type=\"container\">\n\t\t\t\t\t<div class=\"e-con-inner\">\n\t\t<div class=\"elementor-element elementor-element-7809cec2 e-con-full e-flex e-con e-child\" data-id=\"7809cec2\" data-element_type=\"container\" data-e-type=\"container\">\n\t\t\t\t<div class=\"elementor-element elementor-element-6b66c074 elementor-widget__width-initial elementor-absolute elementor-widget elementor-widget-spacer\" data-id=\"6b66c074\" data-element_type=\"widget\" data-e-type=\"widget\" data-settings=\"{&quot;_position&quot;:&quot;absolute&quot;}\" data-widget_type=\"spacer.default\">\n\t\t\t\t\t\t\t<div class=\"elementor-spacer\">\n\t\t\t<div class=\"elementor-spacer-inner\"><\/div>\n\t\t<\/div>\n\t\t\t\t\t\t<\/div>\n\t\t\t\t<div class=\"elementor-element elementor-element-3ec0b8b2 elementor-invisible elementor-widget elementor-widget-heading\" data-id=\"3ec0b8b2\" data-element_type=\"widget\" data-e-type=\"widget\" data-settings=\"{&quot;_animation&quot;:&quot;fadeInUp&quot;}\" data-widget_type=\"heading.default\">\n\t\t\t\t\t<h3 class=\"elementor-heading-title elementor-size-default\">Nos prestations<\/h3>\t\t\t\t<\/div>\n\t\t\t\t<div class=\"elementor-element elementor-element-60776cf1 elementor-widget elementor-widget-text-editor\" data-id=\"60776cf1\" data-element_type=\"widget\" data-e-type=\"widget\" data-widget_type=\"text-editor.default\">\n\t\t\t\t\t\t\t\t\t<h3 data-section-id=\"1zaz7l\" data-start=\"132\" data-end=\"206\">\u00c9TATS DES LIEUX<\/h3><p data-start=\"208\" data-end=\"324\">R\u00e9aliser un \u00e9tat des lieux pr\u00e9cis est essentiel pour s\u00e9curiser une location et \u00e9viter tout litige entre propri\u00e9taire et locataire. Corse Expertises vous accompagne avec des \u00e9tats des lieux complets, rigoureux et d\u00e9taill\u00e9s.<\/p><p data-start=\"515\" data-end=\"531\"><strong>Nous r\u00e9alisons :<\/strong><\/p><p data-start=\"533\" data-end=\"696\">\u2714\ufe0f \u00e9tats des lieux d\u2019entr\u00e9e<br data-start=\"560\" data-end=\"563\" \/>\u2714\ufe0f \u00e9tats des lieux de sortie<br data-start=\"591\" data-end=\"594\" \/>\u2714\ufe0f relev\u00e9 pr\u00e9cis de l\u2019\u00e9tat du bien<br data-start=\"628\" data-end=\"631\" \/>\u2714\ufe0f prise de photos d\u00e9taill\u00e9es<br data-start=\"660\" data-end=\"663\" \/>\u2714\ufe0f rapport complet et structur\u00e9<br \/>\u2714\ufe0f \u00c9tats des lieux avant et apr\u00e8s la saison pour les biens confi\u00e9s en gestion locative.\u00a0<\/p><p data-start=\"698\" data-end=\"793\">Chaque \u00e9tat des lieux est r\u00e9alis\u00e9 avec m\u00e9thode afin de garantir une description fid\u00e8le du bien.<\/p><h2 data-section-id=\"619jfp\" data-start=\"800\" data-end=\"836\">Pourquoi c\u2019est indispensable<\/h2><p data-start=\"838\" data-end=\"880\">Un \u00e9tat des lieux bien r\u00e9alis\u00e9 permet de :<\/p><p data-start=\"882\" data-end=\"1049\">\u2714\ufe0f \u00e9viter les litiges locatifs<br data-start=\"912\" data-end=\"915\" \/>\u2714\ufe0f prot\u00e9ger propri\u00e9taires et locataires<br data-start=\"954\" data-end=\"957\" \/>\u2714\ufe0f justifier d\u2019\u00e9ventuelles d\u00e9gradations<br data-start=\"996\" data-end=\"999\" \/>\u2714\ufe0f s\u00e9curiser la restitution du d\u00e9p\u00f4t de garantie<\/p><h2 data-section-id=\"o976g8\" data-start=\"1056\" data-end=\"1072\">Pour qui<\/h2><p data-start=\"1074\" data-end=\"1163\">\u2714\ufe0f propri\u00e9taires bailleurs<br data-start=\"1100\" data-end=\"1103\" \/>\u2714\ufe0f locataires<br data-start=\"1116\" data-end=\"1119\" \/>\u2714\ufe0f agences immobili\u00e8res<br data-start=\"1142\" data-end=\"1145\" \/>\u2714\ufe0f investisseurs<\/p><h2 data-section-id=\"1jlfup3\" data-start=\"1170\" data-end=\"1197\">Notre valeur ajout\u00e9e<\/h2><p data-start=\"1199\" data-end=\"1329\">\u2714\ufe0f intervention rapide en Corse<br data-start=\"1230\" data-end=\"1233\" \/>\u2714\ufe0f rapport clair et exploitable<br data-start=\"1264\" data-end=\"1267\" \/>\u2714\ufe0f impartialit\u00e9 et rigueur<br data-start=\"1293\" data-end=\"1296\" \/>\u2714\ufe0f accompagnement professionnel<\/p>\t\t\t\t\t\t\t\t<\/div>\n\t\t\t\t<\/div>\n\t\t<div class=\"elementor-element elementor-element-721d8a00 e-con-full e-flex e-con e-child\" data-id=\"721d8a00\" data-element_type=\"container\" data-e-type=\"container\" data-settings=\"{&quot;background_background&quot;:&quot;classic&quot;}\">\n\t\t\t\t<\/div>\n\t\t\t\t\t<\/div>\n\t\t\t\t<\/div>\n\t\t\t\t<\/div>\n\t\t","protected":false},"excerpt":{"rendered":"<p>Nos prestations \u00c9TATS DES LIEUX R\u00e9aliser un \u00e9tat des lieux pr\u00e9cis est essentiel pour s\u00e9curiser une location et \u00e9viter tout litige entre propri\u00e9taire et locataire. Corse Expertises vous accompagne avec des \u00e9tats des lieux complets, rigoureux et d\u00e9taill\u00e9s. Nous r\u00e9alisons : \u2714\ufe0f \u00e9tats des lieux d\u2019entr\u00e9e\u2714\ufe0f \u00e9tats des lieux de sortie\u2714\ufe0f relev\u00e9 pr\u00e9cis de l\u2019\u00e9tat [&hellip;]<\/p>\n","protected":false},"author":1,"featured_media":0,"parent":0,"menu_order":0,"comment_status":"closed","ping_status":"closed","template":"","meta":{"footnotes":""},"class_list":["post-656","page","type-page","status-publish","hentry"],"_links":{"self":[{"href":"http:\/\/corse-expertise.com\/index.php\/wp-json\/wp\/v2\/pages\/656","targetHints":{"allow":["GET"]}}],"collection":[{"href":"http:\/\/corse-expertise.com\/index.php\/wp-json\/wp\/v2\/pages"}],"about":[{"href":"http:\/\/corse-expertise.com\/index.php\/wp-json\/wp\/v2\/types\/page"}],"author":[{"embeddable":true,"href":"http:\/\/corse-expertise.com\/index.php\/wp-json\/wp\/v2\/users\/1"}],"replies":[{"embeddable":true,"href":"http:\/\/corse-expertise.com\/index.php\/wp-json\/wp\/v2\/comments?post=656"}],"version-history":[{"count":5,"href":"http:\/\/corse-expertise.com\/index.php\/wp-json\/wp\/v2\/pages\/656\/revisions"}],"predecessor-version":[{"id":680,"href":"http:\/\/corse-expertise.com\/index.php\/wp-json\/wp\/v2\/pages\/656\/revisions\/680"}],"wp:attachment":[{"href":"http:\/\/corse-expertise.com\/index.php\/wp-json\/wp\/v2\/media?parent=656"}],"curies":[{"name":"wp","href":"https:\/\/api.w.org\/{rel}","templated":true}]}}